{"id":5799,"date":"2016-01-11T08:08:30","date_gmt":"2016-01-11T07:08:30","guid":{"rendered":"http:\/\/gerber.ag\/?page_id=5799"},"modified":"2024-08-19T16:18:08","modified_gmt":"2024-08-19T14:18:08","slug":"lisa","status":"publish","type":"page","link":"https:\/\/gerber.ag\/?page_id=5799","title":{"rendered":"Lisa"},"content":{"rendered":"<p>Sooo &#8230; wer oder was ist nun Lisa ?<\/p>\n<p>Lisa ist ein 1987 Audi GT, genau genommen ein 86er Audi GT &#8211; Erstanmeldung ist aber erst am 24. M\u00e4rz 1987 gewesen.<br \/>\nDamit d\u00fcrfte Lisa eine der allerletzten ihrer Art sein.<\/p>\n<p>Erworben habe ich Lisa im Jahr 2011 als 1. Hand Fahrzeug mit damals nur 68tkm und Scheckheft gepflegt.<br \/>\nLisa stand bei einem Audi H\u00e4ndler und sollte dort verschrottet werden weil der \u00e4ltere Herr der sie bis dahin besessen hat, sie dort abgestellt hatte.<br \/>\nDieser Herr hatte beschlossen er w\u00e4re nun zu alt zum fahren &#8230; (und ich kann mir gut vorstellen das so ein v\u00f6llig verbl\u00f6deter Audi Angestellter ihm sagte das Auto w\u00e4re eh nichts mehr wert).<\/p>\n<p>Egal, so bin ich auf jeden Fall in ihren Besitz gekommen. Urspr\u00fcnglich gekauft f\u00fcr meine Frau, sie wollte Lisa dann nicht, kam sie dann bei mir in den Einsatz.<\/p>\n<p>Ausgeliefert wurde sie als GT ohne gr\u00f6\u00dfere Sonderausstattungen (vielleicht stelle ich sp\u00e4ter noch eine Liste der Ausstattungen ein).<\/p>\n<p>Seitdem habe ich dann einiges dran getan (Stand Mai 2018):<br \/>\n&#8211; Wei\u00dfe Blinker vorne<br \/>\n&#8211; Rote R\u00fcckleuchten<br \/>\n&#8211; eClair dreiteilige Felgen in 8,0&#215;17&#8243; und 8,5&#215;17&#8243;<br \/>\n&#8211; Fahrwerk von FK, mittlerweile mit Koni D\u00e4mpfern<br \/>\n&#8211; BN-Pipes Auspuffanlage<br \/>\n&#8211; GTE Zusatzinstrumente nachger\u00fcstet<br \/>\n&#8211; Motorumbau auf 2,0L 3A mit Golf II GTI Kopf, Schrick Nocke und Tezet F\u00e4cherkr\u00fcmmer<br \/>\n&#8211; VW Corrado G60 Bremse vorne, umgebaut auf 5&#215;100 LK<br \/>\n&#8211; VW Golf III VR6 Bremse hinten<\/p>\n<p>Ansonsten ist die S\u00fc\u00dfe gr\u00f6\u00dftenteils Serie.<br \/>\nBis zum Start der Saison 2016 plane ich noch ein paar Ver\u00e4nderungen &#8230;<\/p>\n<p>Bald startet die Saison 2024, dann soll sie endlich wieder auf die Stra\u00dfe !<\/p>\n","protected":false},"excerpt":{"rendered":"<p>Sooo &#8230; wer oder was ist nun Lisa ? Lisa ist ein 1987 Audi GT, genau genommen ein 86er Audi GT &#8211;\u2026<\/p>\n","protected":false},"author":1,"featured_media":5804,"parent":6481,"menu_order":4,"comment_status":"closed","ping_status":"closed","template":"","meta":{"ngg_post_thumbnail":0,"footnotes":""},"class_list":["post-5799","page","type-page","status-publish","has-post-thumbnail","hentry"],"_links":{"self":[{"href":"https:\/\/gerber.ag\/index.php?rest_route=\/wp\/v2\/pages\/5799","targetHints":{"allow":["GET"]}}],"collection":[{"href":"https:\/\/gerber.ag\/index.php?rest_route=\/wp\/v2\/pages"}],"about":[{"href":"https:\/\/gerber.ag\/index.php?rest_route=\/wp\/v2\/types\/page"}],"author":[{"embeddable":true,"href":"https:\/\/gerber.ag\/index.php?rest_route=\/wp\/v2\/users\/1"}],"replies":[{"embeddable":true,"href":"https:\/\/gerber.ag\/index.php?rest_route=%2Fwp%2Fv2%2Fcomments&post=5799"}],"version-history":[{"count":5,"href":"https:\/\/gerber.ag\/index.php?rest_route=\/wp\/v2\/pages\/5799\/revisions"}],"predecessor-version":[{"id":6365,"href":"https:\/\/gerber.ag\/index.php?rest_route=\/wp\/v2\/pages\/5799\/revisions\/6365"}],"up":[{"embeddable":true,"href":"https:\/\/gerber.ag\/index.php?rest_route=\/wp\/v2\/pages\/6481"}],"wp:featuredmedia":[{"embeddable":true,"href":"https:\/\/gerber.ag\/index.php?rest_route=\/wp\/v2\/media\/5804"}],"wp:attachment":[{"href":"https:\/\/gerber.ag\/index.php?rest_route=%2Fwp%2Fv2%2Fmedia&parent=5799"}],"curies":[{"name":"wp","href":"https:\/\/api.w.org\/{rel}","templated":true}]}}