{"id":300,"date":"2012-03-23T18:16:08","date_gmt":"2012-03-23T17:16:08","guid":{"rendered":"http:\/\/fastbacks.de\/?page_id=300"},"modified":"2024-02-08T09:04:17","modified_gmt":"2024-02-08T08:04:17","slug":"kontakt","status":"publish","type":"page","link":"https:\/\/gerber.ag\/?page_id=300","title":{"rendered":"Eleanor"},"content":{"rendered":"<p><span style=\"color: #333399;\"><strong>Elli ist mittlerweile in der N\u00e4he von Berlin &#8230; also quasi woher sie urspr\u00fcnglich gekommen ist !<\/strong><\/span><\/p>\n<p>&nbsp;<\/p>\n<p>Tja &#8211; warum Eleanor ?<\/p>\n<p>Eigentlich wohl wie bei den meisten Anderen auch: Durch den Film &#8220;Gone in sixty seconds&#8221; mit Nicolas Cage und Angelina Jolie.<br \/>\nViel sp\u00e4ter habe ich erst heraus gefunden das die S\u00fc\u00dfe im Film sehr strak ver\u00e4ndert ist und nur noch entfernt wirklich etwas mit einem echten Shelby GT500 zu tun hat.<\/p>\n<p>Nichts desto trotz ist genau dieses Design nach wie vor eines der sexiesten das ich kenne.<br \/>\nSpontan f\u00e4llt mir da nur noch der Hammer von PureVision ein.<\/p>\n<p>So der Name ist damit wohl gekl\u00e4rt &#8230;<\/p>\n<p>&nbsp;<\/p>\n<p>&nbsp;<\/p>\n<p><a href=\"http:\/\/fastbacks.de\/kontakt\/eleanor_poster\/\" rel=\"attachment wp-att-649\"><img loading=\"lazy\" decoding=\"async\" class=\"aligncenter size-full wp-image-649\" src=\"https:\/\/gerber.ag\/wp-content\/uploads\/2012\/03\/Eleanor_Poster.jpg\" alt=\"Eleanor_Poster\" width=\"580\" height=\"835\" srcset=\"https:\/\/gerber.ag\/wp-content\/uploads\/2012\/03\/Eleanor_Poster.jpg 580w, https:\/\/gerber.ag\/wp-content\/uploads\/2012\/03\/Eleanor_Poster-208x300.jpg 208w\" sizes=\"auto, (max-width: 580px) 100vw, 580px\" \/><\/a><\/p>\n","protected":false},"excerpt":{"rendered":"<p>Elli ist mittlerweile in der N\u00e4he von Berlin &#8230; also quasi woher sie urspr\u00fcnglich gekommen ist ! &nbsp; Tja &#8211; warum Eleanor\u2026<\/p>\n","protected":false},"author":1,"featured_media":0,"parent":6352,"menu_order":1,"comment_status":"open","ping_status":"open","template":"","meta":{"ngg_post_thumbnail":0,"footnotes":""},"class_list":["post-300","page","type-page","status-publish","hentry"],"_links":{"self":[{"href":"https:\/\/gerber.ag\/index.php?rest_route=\/wp\/v2\/pages\/300","targetHints":{"allow":["GET"]}}],"collection":[{"href":"https:\/\/gerber.ag\/index.php?rest_route=\/wp\/v2\/pages"}],"about":[{"href":"https:\/\/gerber.ag\/index.php?rest_route=\/wp\/v2\/types\/page"}],"author":[{"embeddable":true,"href":"https:\/\/gerber.ag\/index.php?rest_route=\/wp\/v2\/users\/1"}],"replies":[{"embeddable":true,"href":"https:\/\/gerber.ag\/index.php?rest_route=%2Fwp%2Fv2%2Fcomments&post=300"}],"version-history":[{"count":3,"href":"https:\/\/gerber.ag\/index.php?rest_route=\/wp\/v2\/pages\/300\/revisions"}],"predecessor-version":[{"id":6281,"href":"https:\/\/gerber.ag\/index.php?rest_route=\/wp\/v2\/pages\/300\/revisions\/6281"}],"up":[{"embeddable":true,"href":"https:\/\/gerber.ag\/index.php?rest_route=\/wp\/v2\/pages\/6352"}],"wp:attachment":[{"href":"https:\/\/gerber.ag\/index.php?rest_route=%2Fwp%2Fv2%2Fmedia&parent=300"}],"curies":[{"name":"wp","href":"https:\/\/api.w.org\/{rel}","templated":true}]}}